{"id":15123,"date":"2025-07-01T14:18:49","date_gmt":"2025-07-01T14:18:49","guid":{"rendered":"https:\/\/ziendarekdz.com\/?post_type=product&#038;p=15123"},"modified":"2026-01-19T09:29:11","modified_gmt":"2026-01-19T09:29:11","slug":"etagere-mural-de-decoration-en-bois-3pcs-839-%d8%b1%d9%81%d9%88%d9%81","status":"publish","type":"product","link":"https:\/\/ziendarekdz.com\/ar\/product\/etagere-mural-de-decoration-en-bois-3pcs-839-%d8%b1%d9%81%d9%88%d9%81\/","title":{"rendered":"\u00c9tag\u00e8re mural de d\u00e9coration en bois 3Pcs 839 \u0631\u0641\u0648\u0641"},"content":{"rendered":"","protected":false},"excerpt":{"rendered":"<p>Petit mod\u00e8le 20\/20cm<br \/>\nMoyen modele 26\/26cm<br \/>\nGrand modele 30\/30cm<\/p>","protected":false},"featured_media":15125,"template":"","meta":[],"product_brand":[],"product_cat":[72],"product_tag":[],"class_list":{"0":"post-15123","1":"product","2":"type-product","3":"status-publish","4":"has-post-thumbnail","6":"product_cat-decoration--","8":"first","9":"instock","10":"shipping-taxable","11":"purchasable","12":"product-type-variable"},"_links":{"self":[{"href":"https:\/\/ziendarekdz.com\/ar\/wp-json\/wp\/v2\/product\/15123","targetHints":{"allow":["GET"]}}],"collection":[{"href":"https:\/\/ziendarekdz.com\/ar\/wp-json\/wp\/v2\/product"}],"about":[{"href":"https:\/\/ziendarekdz.com\/ar\/wp-json\/wp\/v2\/types\/product"}],"version-history":[{"count":3,"href":"https:\/\/ziendarekdz.com\/ar\/wp-json\/wp\/v2\/product\/15123\/revisions"}],"predecessor-version":[{"id":15218,"href":"https:\/\/ziendarekdz.com\/ar\/wp-json\/wp\/v2\/product\/15123\/revisions\/15218"}],"wp:featuredmedia":[{"embeddable":true,"href":"https:\/\/ziendarekdz.com\/ar\/wp-json\/wp\/v2\/media\/15125"}],"wp:attachment":[{"href":"https:\/\/ziendarekdz.com\/ar\/wp-json\/wp\/v2\/media?parent=15123"}],"wp:term":[{"taxonomy":"product_brand","embeddable":true,"href":"https:\/\/ziendarekdz.com\/ar\/wp-json\/wp\/v2\/product_brand?post=15123"},{"taxonomy":"product_cat","embeddable":true,"href":"https:\/\/ziendarekdz.com\/ar\/wp-json\/wp\/v2\/product_cat?post=15123"},{"taxonomy":"product_tag","embeddable":true,"href":"https:\/\/ziendarekdz.com\/ar\/wp-json\/wp\/v2\/product_tag?post=15123"}],"curies":[{"name":"wp","href":"https:\/\/api.w.org\/{rel}","templated":true}]}}